{"id":5466,"date":"2021-04-22T18:56:26","date_gmt":"2021-04-22T21:56:26","guid":{"rendered":"http:\/\/www.logisticaolavarria.com.ar\/?page_id=5466"},"modified":"2021-04-22T19:20:00","modified_gmt":"2021-04-22T22:20:00","slug":"politica-de-calidad","status":"publish","type":"page","link":"http:\/\/www.logisticaolavarria.com.ar\/?page_id=5466","title":{"rendered":"Pol\u00edtica de calidad"},"content":{"rendered":"\t\t<div data-elementor-type=\"wp-page\" data-elementor-id=\"5466\" class=\"elementor elementor-5466\">\n\t\t\t\t\t\t\t\t\t<section class=\"elementor-section elementor-top-section elementor-element elementor-element-36bb4556 elementor-section-boxed elementor-section-height-default elementor-section-height-default\" data-id=\"36bb4556\" data-element_type=\"section\">\n\t\t\t\t\t\t<div class=\"elementor-container elementor-column-gap-default\">\n\t\t\t\t\t<div class=\"elementor-column elementor-col-100 elementor-top-column elementor-element elementor-element-7249a93e\" data-id=\"7249a93e\" data-element_type=\"column\">\n\t\t\t<div class=\"elementor-widget-wrap elementor-element-populated\">\n\t\t\t\t\t\t\t\t<div class=\"elementor-element elementor-element-8db6ddd elementor-widget elementor-widget-text-editor\" data-id=\"8db6ddd\" data-element_type=\"widget\" data-widget_type=\"text-editor.default\">\n\t\t\t\t<div class=\"elementor-widget-container\">\n\t\t\t\t\t\t\t<p style=\"font-size:16px; text-align:justify;\">Log\u00edstica Olavarr\u00eda es una empresa especializada en el transporte de cemento a granel por carretera, que trabaja para empresas de primera l\u00ednea a nivel nacional, orient\u00e1ndose a brindar un servicio de excelencia a sus clientes.\n<\/p>\n<p style=\"font-size:16px; text-align:justify;\">\nContando con altos est\u00e1ndares de Calidad, Seguridad y cumplimiento utilizando tecnolog\u00edas de punta para el cometido de estos prop\u00f3sitos. Para lograrlo nos comprometemos a:<\/p>\n<p style=\"font-size:16px; text-align:justify;\">\n1) Satisfacer las necesidades de transporte de mercader\u00edas de nuestros clientes y superar sus expectativas, ofreciendo continuamente un servicio eficiente, seguro y de calidad.<br>\n2) Velar por el cumplimiento de la legislaci\u00f3n en materia de Transporte Automotor de Cargas y de Tr\u00e1nsito y Seguridad vial y por las necesidades y expectativas de las partes interesadas.<br>\n3) Implementar y mantener un sistema de gesti\u00f3n de la calidad que cumple con los requisitos de la norma internacional ISO 9001.<br>\n4) Contar con recursos humanos capacitados, motivados y comprometidos con los objetivos de nuestra empresa y de nuestros clientes.<br>\n5) Trabajar en la mejora continua del desempe\u00f1o de nuestros colaboradores con la intenci\u00f3n de lograr la satisfacci\u00f3n del cliente.<br>\n6) Asegurar la operatividad de la flota mediante una \u00f3ptima gesti\u00f3n de mantenimiento y apoyo de colaboradores (internos y externos).<br>\n7) Trabajar en la mejora continua de los procesos del sistema de gesti\u00f3n de la calidad.<br>\n8) Obrar por el cumplimiento de la legislaci\u00f3n.<br>\n9) El equipo humano de Log\u00edstica Olavarr\u00eda trabaja a conciencia considerando la importancia de nuestra tarea en la seguridad vial, la seguridad de las personas y el cuidado del medio ambiente.<\/p>\n\n<p style=\"font-size:16px; text-align:center;\"><b>ESTA POL\u00cdTICA ES DIFUNDIDA Y APLICADA EN TODOS LOS NIVELES DE LA ORGANIZACI\u00d3N<\/b><\/p>\n<p style=\"font-size:16px; text-align:right;\"><b>Mauro Vecchio<br>Direcci\u00f3n<\/b><\/p>\n\t\t\t\t\t\t<\/div>\n\t\t\t\t<\/div>\n\t\t\t\t\t<\/div>\n\t\t<\/div>\n\t\t\t\t\t\t\t<\/div>\n\t\t<\/section>\n\t\t\t\t\t\t\t<\/div>\n\t\t","protected":false},"excerpt":{"rendered":"<p>Log\u00edstica Olavarr\u00eda es una empresa especializada en el transporte de cemento a granel por carretera, que trabaja para empresas de primera l\u00ednea a nivel nacional, orient\u00e1ndose a brindar un servicio&#8230;<\/p>\n","protected":false},"author":8,"featured_media":0,"parent":0,"menu_order":0,"comment_status":"closed","ping_status":"closed","template":"","meta":[],"aioseo_notices":[],"_links":{"self":[{"href":"http:\/\/www.logisticaolavarria.com.ar\/index.php?rest_route=\/wp\/v2\/pages\/5466"}],"collection":[{"href":"http:\/\/www.logisticaolavarria.com.ar\/index.php?rest_route=\/wp\/v2\/pages"}],"about":[{"href":"http:\/\/www.logisticaolavarria.com.ar\/index.php?rest_route=\/wp\/v2\/types\/page"}],"author":[{"embeddable":true,"href":"http:\/\/www.logisticaolavarria.com.ar\/index.php?rest_route=\/wp\/v2\/users\/8"}],"replies":[{"embeddable":true,"href":"http:\/\/www.logisticaolavarria.com.ar\/index.php?rest_route=%2Fwp%2Fv2%2Fcomments&post=5466"}],"version-history":[{"count":19,"href":"http:\/\/www.logisticaolavarria.com.ar\/index.php?rest_route=\/wp\/v2\/pages\/5466\/revisions"}],"predecessor-version":[{"id":5487,"href":"http:\/\/www.logisticaolavarria.com.ar\/index.php?rest_route=\/wp\/v2\/pages\/5466\/revisions\/5487"}],"wp:attachment":[{"href":"http:\/\/www.logisticaolavarria.com.ar\/index.php?rest_route=%2Fwp%2Fv2%2Fmedia&parent=5466"}],"curies":[{"name":"wp","href":"https:\/\/api.w.org\/{rel}","templated":true}]}}